{"id":8,"date":"2020-07-09T16:24:54","date_gmt":"2020-07-09T16:24:54","guid":{"rendered":"http:\/\/rehavitur.es\/?page_id=8"},"modified":"2021-02-01T22:17:41","modified_gmt":"2021-02-01T22:17:41","slug":"impermeabilizacion-de-terrazas","status":"publish","type":"page","link":"http:\/\/rehavitur.es\/index.php\/impermeabilizacion-de-terrazas\/","title":{"rendered":"Terrazas y Tejados"},"content":{"rendered":"\t\t<div data-elementor-type=\"wp-page\" data-elementor-id=\"8\" class=\"elementor elementor-8\" data-elementor-settings=\"[]\">\n\t\t\t\t\t\t<div class=\"elementor-inner\">\n\t\t\t\t\t\t\t<div class=\"elementor-section-wrap\">\n\t\t\t\t\t\t\t<section class=\"elementor-section elementor-top-section elementor-element elementor-element-5a08b1f8 elementor-section-boxed elementor-section-height-default elementor-section-height-default\" data-id=\"5a08b1f8\" data-element_type=\"section\">\n\t\t\t\t\t\t<div class=\"elementor-container elementor-column-gap-default\">\n\t\t\t\t\t\t\t<div class=\"elementor-row\">\n\t\t\t\t\t<div class=\"elementor-column elementor-col-100 elementor-top-column elementor-element elementor-element-499f11b9\" data-id=\"499f11b9\" data-element_type=\"column\">\n\t\t\t<div class=\"elementor-column-wrap elementor-element-populated\">\n\t\t\t\t\t\t\t<div class=\"elementor-widget-wrap\">\n\t\t\t\t\t\t<div class=\"elementor-element elementor-element-6f1fe0ef elementor-widget elementor-widget-text-editor\" data-id=\"6f1fe0ef\" data-element_type=\"widget\" data-widget_type=\"text-editor.default\">\n\t\t\t\t<div class=\"elementor-widget-container\">\n\t\t\t\t\t<div class=\"elementor-text-editor elementor-clearfix\"><!-- wp:paragraph -->\n<p>EL CORCHO PROYECTADO IMPERMEABILIZA Y MEJORA LA EFICIENCIA ENERG\u00c9TICA.<\/p>\n<p>Su principal funci\u00f3n es la de impermeabilizar y aislar. Obtenido del alcornoque, pocos materiales son tan extraordinarios como el corcho. Aislante ecol\u00f3gico y natural, el corcho proyectado se presenta como todo un revolucionario dentro del sector de la construcci\u00f3n gracias a su estructura celular, convirti\u00e9ndose en un id\u00f3neo aislante t\u00e9rmico vegetal. Se puede aplicar en fachadas, cubiertas, encapsulados de fibrocemento.<\/p>\n<!-- \/wp:paragraph --><!-- wp:gallery {\"ids\":[115,116]} -->\n<figure class=\"wp-block-gallery columns-2 is-cropped\">\n<ul class=\"blocks-gallery-grid\">\n<li class=\"blocks-gallery-item\">\n<figure><img loading=\"lazy\" width=\"640\" height=\"640\" class=\"wp-image-115\" src=\"http:\/\/rehavitur.es\/wp-content\/uploads\/2020\/12\/Image-1-1.jpg\" alt=\"\" data-id=\"115\" data-link=\"http:\/\/rehavitur.es\/index.php\/impermeabilizacion-de-terrazas\/image-1-1\/\" srcset=\"http:\/\/rehavitur.es\/wp-content\/uploads\/2020\/12\/Image-1-1.jpg 640w, http:\/\/rehavitur.es\/wp-content\/uploads\/2020\/12\/Image-1-1-300x300.jpg 300w, http:\/\/rehavitur.es\/wp-content\/uploads\/2020\/12\/Image-1-1-150x150.jpg 150w, http:\/\/rehavitur.es\/wp-content\/uploads\/2020\/12\/Image-1-1-98x98.jpg 98w, http:\/\/rehavitur.es\/wp-content\/uploads\/2020\/12\/Image-1-1-68x68.jpg 68w\" sizes=\"(max-width: 640px) 100vw, 640px\" \/><\/figure>\n<\/li>\n<li class=\"blocks-gallery-item\">\n<figure><img loading=\"lazy\" width=\"640\" height=\"640\" class=\"wp-image-116\" src=\"http:\/\/rehavitur.es\/wp-content\/uploads\/2020\/12\/Image-1.jpg\" alt=\"\" data-id=\"116\" data-full-url=\"http:\/\/rehavitur.es\/wp-content\/uploads\/2020\/12\/Image-1.jpg\" data-link=\"http:\/\/rehavitur.es\/index.php\/impermeabilizacion-de-terrazas\/image-1\/\" srcset=\"http:\/\/rehavitur.es\/wp-content\/uploads\/2020\/12\/Image-1.jpg 640w, http:\/\/rehavitur.es\/wp-content\/uploads\/2020\/12\/Image-1-300x300.jpg 300w, http:\/\/rehavitur.es\/wp-content\/uploads\/2020\/12\/Image-1-150x150.jpg 150w, http:\/\/rehavitur.es\/wp-content\/uploads\/2020\/12\/Image-1-98x98.jpg 98w, http:\/\/rehavitur.es\/wp-content\/uploads\/2020\/12\/Image-1-68x68.jpg 68w\" sizes=\"(max-width: 640px) 100vw, 640px\" \/><\/figure>\n<\/li>\n<\/ul>\n<\/figure>\n<!-- \/wp:gallery --><!-- wp:image {\"id\":118,\"sizeSlug\":\"large\"} -->\n<figure class=\"wp-block-image size-large\"><img loading=\"lazy\" width=\"1024\" height=\"1024\" class=\"wp-image-118\" src=\"http:\/\/rehavitur.es\/wp-content\/uploads\/2020\/12\/terraza.jpg\" alt=\"\" srcset=\"http:\/\/rehavitur.es\/wp-content\/uploads\/2020\/12\/terraza.jpg 1024w, http:\/\/rehavitur.es\/wp-content\/uploads\/2020\/12\/terraza-300x300.jpg 300w, http:\/\/rehavitur.es\/wp-content\/uploads\/2020\/12\/terraza-150x150.jpg 150w, http:\/\/rehavitur.es\/wp-content\/uploads\/2020\/12\/terraza-768x768.jpg 768w, http:\/\/rehavitur.es\/wp-content\/uploads\/2020\/12\/terraza-98x98.jpg 98w, http:\/\/rehavitur.es\/wp-content\/uploads\/2020\/12\/terraza-68x68.jpg 68w\" sizes=\"(max-width: 1024px) 100vw, 1024px\" \/><\/figure>\n<!-- \/wp:image --><\/div>\n\t\t\t\t<\/div>\n\t\t\t\t<\/div>\n\t\t\t\t\t\t<\/div>\n\t\t\t\t\t<\/div>\n\t\t<\/div>\n\t\t\t\t\t\t\t\t<\/div>\n\t\t\t\t\t<\/div>\n\t\t<\/section>\n\t\t\t\t\t\t<\/div>\n\t\t\t\t\t\t<\/div>\n\t\t\t\t\t<\/div>\n\t\t","protected":false},"excerpt":{"rendered":"<p>EL CORCHO PROYECTADO IMPERMEABILIZA Y MEJORA LA EFICIENCIA ENERG\u00c9TICA. Su principal funci\u00f3n es la de impermeabilizar y aislar. Obtenido del &hellip; <\/p>\n","protected":false},"author":1,"featured_media":0,"parent":0,"menu_order":0,"comment_status":"closed","ping_status":"closed","template":"elementor_header_footer","meta":[],"_links":{"self":[{"href":"http:\/\/rehavitur.es\/index.php\/wp-json\/wp\/v2\/pages\/8"}],"collection":[{"href":"http:\/\/rehavitur.es\/index.php\/wp-json\/wp\/v2\/pages"}],"about":[{"href":"http:\/\/rehavitur.es\/index.php\/wp-json\/wp\/v2\/types\/page"}],"author":[{"embeddable":true,"href":"http:\/\/rehavitur.es\/index.php\/wp-json\/wp\/v2\/users\/1"}],"replies":[{"embeddable":true,"href":"http:\/\/rehavitur.es\/index.php\/wp-json\/wp\/v2\/comments?post=8"}],"version-history":[{"count":5,"href":"http:\/\/rehavitur.es\/index.php\/wp-json\/wp\/v2\/pages\/8\/revisions"}],"predecessor-version":[{"id":151,"href":"http:\/\/rehavitur.es\/index.php\/wp-json\/wp\/v2\/pages\/8\/revisions\/151"}],"wp:attachment":[{"href":"http:\/\/rehavitur.es\/index.php\/wp-json\/wp\/v2\/media?parent=8"}],"curies":[{"name":"wp","href":"https:\/\/api.w.org\/{rel}","templated":true}]}}